{"id":860,"date":"2020-12-15T14:57:19","date_gmt":"2020-12-15T13:57:19","guid":{"rendered":"https:\/\/anjahain.de\/?page_id=860"},"modified":"2022-10-26T13:29:56","modified_gmt":"2022-10-26T11:29:56","slug":"agb","status":"publish","type":"page","link":"https:\/\/anjahain.de\/en\/agb\/","title":{"rendered":"AGB"},"content":{"rendered":"<div  class=\"tatsu-fph9vmxuegeu7rsa tatsu-section    tatsu-clearfix\" data-title=\"\"  data-headerscheme=\"background--dark\"><div class='tatsu-section-pad clearfix' data-padding='{\"d\":\"50px 0px 90px 0px \"}' data-padding-top='50px'><div class=\"tatsu-row-wrap  tatsu-wrap tatsu-row-one-col tatsu-row-has-one-cols tatsu-medium-gutter tatsu-reg-cols  tatsu-clearfix tatsu-fph9vmxuf28pvo9n\" ><div  class=\"tatsu-row\" ><div  class=\"tatsu-column  tatsu-column-no-bg tatsu-one-col tatsu-column-image-none tatsu-column-effect-none  tatsu-fph9vmxufqb0k328\"  data-parallax-speed=\"0\" style=\"\"><div class=\"tatsu-column-inner\" ><div class=\"tatsu-column-pad-wrap\"><div class=\"tatsu-column-pad\" ><div  class=\"tatsu-module tatsu-text-block-wrap tatsu-fph9vmxug6auqje9\"><div class=\"tatsu-text-inner tatsu-align-center  clearfix\" ><style>.tatsu-fph9vmxug6auqje9.tatsu-text-block-wrap .tatsu-text-inner{width: 100%;text-align: left;}.tatsu-fph9vmxug6auqje9.tatsu-text-block-wrap .tatsu-text-inner *{font-family : Lucida Sans Unicode, Lucida Grande, sans-serif;text-transform : none;}<\/style>\n<h1><strong>AGB |\u00a0<\/strong><strong>Allgemeine Gesch\u00e4ftsbedingungen mit Kundeninformationen<\/strong><\/h1>\n<\/div><\/div><\/div><\/div><div class = \"tatsu-column-bg-image-wrap\"><div class = \"tatsu-column-bg-image\" ><\/div><\/div><\/div><style>.tatsu-row > .tatsu-fph9vmxufqb0k328.tatsu-column{width: 100%;}.tatsu-fph9vmxufqb0k328.tatsu-column > .tatsu-column-inner > .tatsu-column-overlay{mix-blend-mode: none;}.tatsu-fph9vmxufqb0k328 > .tatsu-column-inner > .tatsu-top-divider{z-index: 9999;}.tatsu-fph9vmxufqb0k328 > .tatsu-column-inner > .tatsu-bottom-divider{z-index: 9999;}.tatsu-fph9vmxufqb0k328 > .tatsu-column-inner > .tatsu-left-divider{z-index: 9999;}.tatsu-fph9vmxufqb0k328 > .tatsu-column-inner > .tatsu-right-divider{z-index: 9999;}<\/style><\/div><\/div><\/div><div class=\"tatsu-row-wrap  tatsu-wrap tatsu-row-one-col tatsu-row-has-one-cols tatsu-medium-gutter tatsu-reg-cols  tatsu-clearfix tatsu-TDxA2RbOBY\" ><div  class=\"tatsu-row\" ><div  class=\"tatsu-column  tatsu-bg-overlay tatsu-one-col tatsu-column-image-none tatsu-column-effect-none  tatsu-R2ymrwcYx\"  data-parallax-speed=\"0\" style=\"\"><div class=\"tatsu-column-inner\" ><div class=\"tatsu-column-pad-wrap\"><div class=\"tatsu-column-pad\" ><div  class=\"tatsu-module tatsu-text-block-wrap tatsu--x8v2ukbS\"><div class=\"tatsu-text-inner tatsu-align-center  clearfix\" ><style>.tatsu--x8v2ukbS.tatsu-text-block-wrap .tatsu-text-inner{width: 100%;text-align: left;}.tatsu--x8v2ukbS.tatsu-text-block-wrap .tatsu-text-inner *{font-family : Verdana, Geneva, sans-serif;text-transform : none;}<\/style>\n<p><strong>1)\u00a0\u00a0Geltungsbereich<\/strong><\/p>\n<p><strong>1.1<\/strong>\u00a0Diese Allgemeinen Gesch\u00e4ftsbedingungen (nachfolgend &#8222;AGB&#8220;) von Liebenswertes Inhaberin Anja Hain \u00a0(nachfolgend &#8222;Verk\u00e4ufer&#8220;), gelten f\u00fcr alle Vertr\u00e4ge \u00fcber die Lieferung von Waren, die ein Verbraucher oder Unternehmer (nachfolgend \u201eKunde\u201c) mit dem Verk\u00e4ufer hinsichtlich der vom Verk\u00e4ufer in seinem Online-Shop dargestellten Waren abschlie\u00dft. Hiermit wird der Einbeziehung von eigenen Bedingungen des Kunden widersprochen, es sei denn, es ist etwas anderes vereinbart.<br \/>\n<strong>1.2<\/strong>\u00a0F\u00fcr Vertr\u00e4ge \u00fcber die Lieferung von Gutscheinen gelten diese AGB entsprechend, sofern insoweit nicht ausdr\u00fccklich etwas Abweichendes geregelt ist.<br \/>\n<strong>1.3<\/strong>\u00a0Verbraucher im Sinne dieser AGB ist jede nat\u00fcrliche Person, die ein Rechtsgesch\u00e4ft zu Zwecken abschlie\u00dft, die \u00fcberwiegend weder ihrer gewerblichen noch ihrer selbst\u00e4ndigen beruflichen T\u00e4tigkeit zugerechnet werden k\u00f6nnen. Unternehmer im Sinne dieser AGB ist eine nat\u00fcrliche oder juristische Person oder eine rechtsf\u00e4hige Personengesellschaft, die bei Abschluss eines Rechtsgesch\u00e4fts in Aus\u00fcbung ihrer gewerblichen oder selbst\u00e4ndigen beruflichen T\u00e4tigkeit handelt.<\/p>\n<p><strong>2)\u00a0\u00a0Vertragsschluss<\/strong><\/p>\n<p><strong>2.1<\/strong>\u00a0Die im Online-Shop des Verk\u00e4ufers enthaltenen Produktbeschreibungen stellen keine verbindlichen Angebote seitens des Verk\u00e4ufers dar, sondern dienen zur Abgabe eines verbindlichen Angebots durch den Kunden.<br \/>\n<strong>2.2<\/strong>\u00a0Der Kunde kann das Angebot \u00fcber das in den Online-Shop des Verk\u00e4ufers integrierte Online-Bestellformular abgeben. Dabei gibt der Kunde, nachdem er die ausgew\u00e4hlten Waren in den virtuellen Warenkorb gelegt und den elektronischen Bestellprozess durchlaufen hat, durch Klicken des den Bestellvorgang abschlie\u00dfenden Buttons ein rechtlich verbindliches Vertragsangebot in Bezug auf die im Warenkorb enthaltenen Waren ab.<br \/>\n<strong>2.3<\/strong>\u00a0Der Verk\u00e4ufer kann das Angebot des Kunden innerhalb von f\u00fcnf Tagen annehmen,<\/p>\n<ul>\n<li>indem er dem Kunden eine schriftliche Auftragsbest\u00e4tigung oder eine Auftragsbest\u00e4tigung in Textform (E-Mail) \u00fcbermittelt, wobei insoweit der Zugang der Auftragsbest\u00e4tigung beim Kunden ma\u00dfgeblich ist, oder<\/li>\n<li>indem er dem Kunden die bestellte Ware liefert, wobei insoweit der Zugang der Ware beim Kunden ma\u00dfgeblich ist, oder<\/li>\n<li>indem er den Kunden nach Abgabe von dessen Bestellung zur Zahlung auffordert.<\/li>\n<\/ul>\n<p>Liegen mehrere der vorgenannten Alternativen vor, kommt der Vertrag in dem Zeitpunkt zustande, in dem eine der vorgenannten Alternativen zuerst eintritt. Die Frist zur Annahme des Angebots beginnt am Tag nach der Absendung des Angebots durch den Kunden zu laufen und endet mit dem Ablauf des f\u00fcnften Tages, welcher auf die Absendung des Angebots folgt. Nimmt der Verk\u00e4ufer das Angebot des Kunden innerhalb vorgenannter Frist nicht an, so gilt dies als Ablehnung des Angebots mit der Folge, dass der Kunde nicht mehr an seine Willenserkl\u00e4rung gebunden ist.<\/p>\n<p><strong>2.4<\/strong>\u00a0Bei Auswahl einer von PayPal angebotenen Zahlungsart erfolgt die Zahlungsabwicklung \u00fcber den Zahlungsdienstleister PayPal (Europe) S.\u00e0 r.l. et Cie, S.C.A., 22-24 Boulevard Royal, L-2449 Luxembourg (im Folgenden: \u201ePayPal\u201c), unter Geltung der PayPal-Nutzungsbedingungen, einsehbar unter\u00a0<a href=\"http:\/\/www.paypal.com\/de\/webapps\/mpp\/ua\/useragreement-full\">https:\/\/www.paypal.com\/de\/webapps\/mpp\/ua\/useragreement-full\u00a0<\/a>oder &#8211; falls der Kunde nicht \u00fcber ein PayPal-Konto verf\u00fcgt \u2013 unter Geltung der Bedingungen f\u00fcr Zahlungen ohne PayPal-Konto, einsehbar unter<a href=\"http:\/\/www.paypal.com\/de\/webapps\/mpp\/ua\/privacywax-full\">https:\/\/www.paypal.com\/de\/webapps\/mpp\/ua\/privacywax-full.\u00a0<\/a>Zahlt der Kunde mittels einer im Online-Bestellvorgang ausw\u00e4hlbaren von PayPal angebotenen Zahlungsart, erkl\u00e4rt der Verk\u00e4ufer schon jetzt die Annahme des Angebots des Kunden in dem Zeitpunkt, in dem der Kunde den Bestellvorgang abschlie\u00dfenden Button anklickt.<\/p>\n<p><strong>2.5<\/strong>\u00a0Bei der Abgabe eines Angebots \u00fcber das Online-Bestellformular des Verk\u00e4ufers wird der Vertragstext nach dem Vertragsschluss vom Verk\u00e4ufer gespeichert und dem Kunden nach Absendung von dessen Bestellung in Textform (z. B. E-Mail, Fax oder Brief) \u00fcbermittelt. Eine dar\u00fcber hinausgehende Zug\u00e4nglichmachung des Vertragstextes durch den Verk\u00e4ufer erfolgt nicht. Sofern der Kunde vor Absendung seiner Bestellung ein Nutzerkonto im Online-Shop des Verk\u00e4ufers eingerichtet hat, werden die Bestelldaten auf der Website des Verk\u00e4ufers archiviert und k\u00f6nnen vom Kunden \u00fcber dessen passwortgesch\u00fctztes Nutzerkonto unter Angabe der entsprechenden Login-Daten kostenlos abgerufen werden.<\/p>\n<p><strong>2.6<\/strong>\u00a0Vor verbindlicher Abgabe der Bestellung \u00fcber das Online-Bestellformular des Verk\u00e4ufers kann der Kunde m\u00f6gliche Eingabefehler durch aufmerksames Lesen der auf dem Bildschirm dargestellten Informationen erkennen. Ein wirksames technisches Mittel zur besseren Erkennung von Eingabefehlern kann dabei die Vergr\u00f6\u00dferungsfunktion des Browsers sein, mit deren Hilfe die Darstellung auf dem Bildschirm vergr\u00f6\u00dfert wird. Seine Eingaben kann der Kunde im Rahmen des elektronischen Bestellprozesses so lange \u00fcber die \u00fcblichen Tastatur- und Mausfunktionen korrigieren, bis er den Bestellvorgang abschlie\u00dfenden Button anklickt.<\/p>\n<p><strong>2.7<\/strong>\u00a0F\u00fcr den Vertragsschluss steht ausschlie\u00dflich die deutsche Sprache zur Verf\u00fcgung.<\/p>\n<p><strong>2.8<\/strong>\u00a0Die Bestellabwicklung und Kontaktaufnahme finden in der Regel per E-Mail und automatisierter Bestellabwicklung statt. Der Kunde hat sicherzustellen, dass die von ihm zur Bestellabwicklung angegebene E-Mail-Adresse zutreffend ist, so dass unter dieser Adresse die vom Verk\u00e4ufer versandten E-Mails empfangen werden k\u00f6nnen. Insbesondere hat der Kunde bei dem Einsatz von SPAM-Filtern sicherzustellen, dass alle vom Verk\u00e4ufer oder von diesem mit der Bestellabwicklung beauftragten Dritten versandten E-Mails zugestellt werden k\u00f6nnen.<\/p>\n<p><strong>3)\u00a0\u00a0Widerrufsrecht<\/strong><\/p>\n<p><strong>3.1<\/strong>\u00a0Verbrauchern steht grunds\u00e4tzlich ein Widerrufsrecht zu.<\/p>\n<p><strong>3.2.<\/strong>\u00a0N\u00e4here Informationen zum Widerrufsrecht ergeben sich aus der Widerrufsbelehrung des Verk\u00e4ufers.<\/p>\n<p><strong>4)\u00a0\u00a0Preise und Zahlungsbedingungen<\/strong><\/p>\n<p><strong>4.1<\/strong>\u00a0Sofern sich aus der Produktbeschreibung des Verk\u00e4ufers nichts anderes ergibt, handelt es sich bei den angegebenen Preisen um Gesamtpreise, die die gesetzliche Umsatzsteuer enthalten. Gegebenenfalls zus\u00e4tzlich anfallende Liefer- und Versandkosten werden in der jeweiligen Produktbeschreibung gesondert<\/p>\n<p><strong>4.2<\/strong>\u00a0Die Zahlungsm\u00f6glichkeit\/en wird\/werden dem Kunden im Online-Shop des Verk\u00e4ufers mitgeteilt.<\/p>\n<p><strong>5)\u00a0\u00a0Liefer- und Versandbedingungen<\/strong><\/p>\n<p><strong>5.1<\/strong>\u00a0Die Lieferung von Waren erfolgt auf dem Versandweg an die vom Kunden angegebene Lieferanschrift, sofern nichts anderes vereinbart ist. Bei der Abwicklung der Transaktion ist die in der Bestellabwicklung des Verk\u00e4ufers angegebene Lieferanschrift ma\u00dfgeblich. Abweichend hiervon ist bei Auswahl der Zahlungsart PayPal die vom Kunden zum Zeitpunkt der Bezahlung bei PayPal hinterlegte Lieferanschrift ma\u00dfgeblich.<\/p>\n<p><strong>5.2<\/strong>\u00a0Scheitert die Zustellung der Ware aus Gr\u00fcnden, die der Kunde zu vertreten hat, tr\u00e4gt der Kunde die dem Verk\u00e4ufer hierdurch entstehenden angemessenen Kosten. Dies gilt im Hinblick auf die Kosten f\u00fcr die Hinsendung nicht, wenn der Kunde sein Widerrufsrecht wirksam aus\u00fcbt. F\u00fcr die R\u00fccksendekosten gilt bei wirksamer Aus\u00fcbung des Widerrufsrechts durch den Kunden die in der Widerrufsbelehrung des Verk\u00e4ufers hierzu getroffene Regelung.<\/p>\n<p><strong>5.3<\/strong>\u00a0Selbstabholung ist aus logistischen Gr\u00fcnden nicht m\u00f6glich.<\/p>\n<p><strong>5.4<\/strong>\u00a0Gutscheine werden dem Kunden wie folgt \u00fcberlassen:<\/p>\n<ul>\n<li>physisch per Briefsendung<\/li>\n<li>per E-Mail<\/li>\n<\/ul>\n<p><strong>6)\u00a0\u00a0Eigentumsvorbehalt<\/strong><\/p>\n<p>Tritt der Verk\u00e4ufer in Vorleistung, beh\u00e4lt er sich bis zur vollst\u00e4ndigen Bezahlung des geschuldeten Kaufpreises das Eigentum an der gelieferten Ware vor.<\/p>\n<p><strong>7)\u00a0\u00a0M\u00e4ngelhaftung (Gew\u00e4hrleistung)<\/strong><\/p>\n<p><strong>7.1<\/strong>\u00a0Ist die Kaufsache mangelhaft, gelten die Vorschriften der gesetzlichen M\u00e4ngelhaftung.<\/p>\n<p><strong>7.2<\/strong>\u00a0Handelt der Kunde als Verbraucher, so wird er gebeten, angelieferte Waren mit offensichtlichen Transportsch\u00e4den bei dem Zusteller zu reklamieren und den Verk\u00e4ufer hiervon in Kenntnis zu setzen. Kommt der Kunde dem nicht nach, hat dies keinerlei Auswirkungen auf seine gesetzlichen oder vertraglichen M\u00e4ngelanspr\u00fcche.<\/p>\n<p><strong>8)\u00a0\u00a0Einl\u00f6sung von Aktionsgutscheinen<\/strong><\/p>\n<p><strong>8.1<\/strong>\u00a0Gutscheine, die vom Verk\u00e4ufer im Rahmen von Werbeaktionen mit einer bestimmten G\u00fcltigkeitsdauer unentgeltlich ausgegeben werden und die vom Kunden nicht k\u00e4uflich erworben werden k\u00f6nnen (nachfolgend &#8222;Aktionsgutscheine&#8220;), k\u00f6nnen nur im Online-Shop des Verk\u00e4ufers und nur im angegebenen Zeitraum eingel\u00f6st werden.<\/p>\n<p><strong>8.2<\/strong>\u00a0Aktionsgutscheine k\u00f6nnen nur von Verbrauchern eingel\u00f6st werden.<\/p>\n<p><strong>8.3<\/strong>\u00a0Einzelne Produkte k\u00f6nnen von der Gutscheinaktion ausgeschlossen sein, sofern sich eine entsprechende Einschr\u00e4nkung aus dem Inhalt des Aktionsgutscheins ergibt.\u00a0<\/p>\n<p><strong>8.4<\/strong>\u00a0Aktionsgutscheine k\u00f6nnen nur vor Abschluss des Bestellvorgangs eingel\u00f6st werden. Eine nachtr\u00e4gliche Verrechnung ist nicht m\u00f6glich.<\/p>\n<p><strong>8.5<\/strong>\u00a0Pro Bestellung kann immer nur ein Aktionsgutschein eingel\u00f6st werden.<\/p>\n<p><strong>8.6<\/strong>\u00a0Der Warenwert muss mindestens dem Betrag des Aktionsgutscheins entsprechen. Etwaiges Restguthaben wird vom Verk\u00e4ufer nicht erstattet.<\/p>\n<p><strong>8.7<\/strong>\u00a0Reicht der Wert des Aktionsgutscheins zur Deckung der Bestellung nicht aus, kann zur Begleichung des Differenzbetrages eine der \u00fcbrigen vom Verk\u00e4ufer angebotenen Zahlungsarten gew\u00e4hlt werden.<\/p>\n<p><strong>8.8<\/strong>\u00a0Das Guthaben eines Aktionsgutscheins wird weder in Bargeld ausgezahlt noch verzinst.<\/p>\n<p><strong>8.9<\/strong>\u00a0Der Aktionsgutschein wird nicht erstattet, wenn der Kunde die mit dem Aktionsgutschein ganz oder teilweise bezahlte Ware im Rahmen seines gesetzlichen Widerrufsrechts zur\u00fcckgibt.<\/p>\n<p><strong>8.10<\/strong>\u00a0Der Aktionsgutschein ist nur f\u00fcr die Verwendung durch die auf ihm benannte Person bestimmt. Eine \u00dcbertragung des Aktionsgutscheins auf Dritte ist ausgeschlossen. Der Verk\u00e4ufer ist berechtigt, jedoch nicht verpflichtet, die materielle Anspruchsberechtigung des jeweiligen Gutscheininhabers zu pr\u00fcfen.<\/p>\n<p><strong>9)\u00a0\u00a0Einl\u00f6sung von Geschenkgutscheinen<\/strong><\/p>\n<p><strong>9.1<\/strong>\u00a0Gutscheine, die \u00fcber den Online-Shop des Verk\u00e4ufers k\u00e4uflich erworben werden k\u00f6nnen (nachfolgend &#8222;Geschenkgutscheine&#8220;), k\u00f6nnen nur den L\u00e4den des Verk\u00e4ufers eingel\u00f6st werden, sofern sich aus dem Gutschein nichts anderes ergibt.\u00a0<\/p>\n<p><strong>9.2<\/strong>\u00a0Geschenkgutscheine und Restguthaben von Geschenkgutscheinen sind bis zum Ende des dritten Jahres nach dem Jahr des Gutscheinkaufs einl\u00f6sbar. Restguthaben werden dem Kunden bis zum Ablaufdatum gutgeschrieben.<\/p>\n<p><strong>9.3<\/strong>\u00a0Geschenkgutscheine k\u00f6nnen nur vor Abschluss des Bestellvorgangs eingel\u00f6st werden. Eine nachtr\u00e4gliche Verrechnung ist nicht m\u00f6glich.<\/p>\n<p><strong>9.4<\/strong>\u00a0Bei einer Bestellung k\u00f6nnen auch mehrere Geschenkgutscheine eingel\u00f6st<\/p>\n<p><strong>9.5<\/strong>\u00a0Geschenkgutscheine k\u00f6nnen nur f\u00fcr den Kauf von Waren und nicht f\u00fcr den Kauf von weiteren Geschenkgutscheinen verwendet werden.<\/p>\n<p><strong>9.6<\/strong>\u00a0Reicht der Wert des Geschenkgutscheins zur Deckung der Bestellung nicht aus, kann zur Begleichung des Differenzbetrages eine der \u00fcbrigen vom Verk\u00e4ufer angebotenen Zahlungsarten gew\u00e4hlt werden.<\/p>\n<p><strong>9.7<\/strong>\u00a0Das Guthaben eines Geschenkgutscheins wird weder in Bargeld ausgezahlt noch verzinst.<\/p>\n<p><strong>9.8<\/strong>\u00a0Der Geschenkgutschein ist nur f\u00fcr die Verwendung durch die auf ihm benannte Person bestimmt. Eine \u00dcbertragung des Geschenkgutscheins auf Dritte ist ausgeschlossen. Der Verk\u00e4ufer ist berechtigt, jedoch nicht verpflichtet, die materielle Anspruchsberechtigung des jeweiligen Gutscheininhabers zu pr\u00fcfen.<\/p>\n<p><strong>10)\u00a0\u00a0Anwendbares Recht<\/strong><\/p>\n<p>F\u00fcr s\u00e4mtliche Rechtsbeziehungen der Parteien gilt das Recht der Bundesrepublik Deutschland unter Ausschluss der Gesetze \u00fcber den internationalen Kauf beweglicher Waren. Bei Verbrauchern gilt diese Rechtswahl nur insoweit, als nicht der gew\u00e4hrte Schutz durch zwingende Bestimmungen des Rechts des Staates, in dem der Verbraucher seinen gew\u00f6hnlichen Aufenthalt hat, entzogen wird.<\/p>\n<p><strong>11)\u00a0\u00a0Gerichtsstand<\/strong><\/p>\n<p>Handelt der Kunde als Kaufmann, juristische Person des \u00f6ffentlichen Rechts oder \u00f6ffentlich-rechtliches Sonderverm\u00f6gen mit Sitz im Hoheitsgebiet der Bundesrepublik Deutschland, ist ausschlie\u00dflicher Gerichtsstand f\u00fcr alle Streitigkeiten aus diesem Vertrag der Gesch\u00e4ftssitz des Verk\u00e4ufers. Hat der Kunde seinen Sitz au\u00dferhalb des Hoheitsgebiets der Bundesrepublik Deutschland, so ist der Gesch\u00e4ftssitz des Verk\u00e4ufers ausschlie\u00dflicher Gerichtsstand f\u00fcr alle Streitigkeiten aus diesem Vertrag, wenn der Vertrag oder Anspr\u00fcche aus dem Vertrag der beruflichen oder gewerblichen T\u00e4tigkeit des Kunden zugerechnet werden k\u00f6nnen. Der Verk\u00e4ufer ist in den vorstehenden F\u00e4llen jedoch in jedem Fall berechtigt, das Gericht am Sitz des Kunden anzurufen.<\/p>\n<p><strong>12)\u00a0\u00a0Alternative Streitbeilegung<\/strong><\/p>\n<p><strong>12.1<\/strong>\u00a0Die EU-Kommission stellt im Internet unter folgendem Link eine Plattform zur Online-Streitbeilegung bereit:\u00a0<a href=\"https:\/\/ec.europa.eu\/consumers\/odr\">https:\/\/ec.europa.eu\/consumers\/odr<\/a><\/p>\n<p>Diese Plattform dient als Anlaufstelle zur au\u00dfergerichtlichen Beilegung von Streitigkeiten aus Online-Kauf- oder Dienstleistungsvertr\u00e4gen, an denen ein Verbraucher beteiligt ist.<\/p>\n<p><strong>12.2<\/strong>\u00a0Der Verk\u00e4ufer ist zur Teilnahme an einem Streitbeilegungsverfahren vor einer Verbraucherschlichtungsstelle nicht verpflichtet, hierzu aber bereit.<\/p>\n<\/div><\/div><\/div><\/div><div class = \"tatsu-column-bg-image-wrap\"><div class = \"tatsu-column-bg-image\" ><\/div><\/div><div class=\"tatsu-overlay tatsu-column-overlay tatsu-animate-none\" ><\/div><\/div><style>.tatsu-row > .tatsu-R2ymrwcYx.tatsu-column{width: 100%;}.tatsu-R2ymrwcYx.tatsu-column > .tatsu-column-inner > .tatsu-column-overlay{mix-blend-mode: normal;}.tatsu-R2ymrwcYx > .tatsu-column-inner > .tatsu-top-divider{z-index: 9999;}.tatsu-R2ymrwcYx > .tatsu-column-inner > .tatsu-bottom-divider{z-index: 9999;}.tatsu-R2ymrwcYx > .tatsu-column-inner > .tatsu-left-divider{z-index: 9999;}.tatsu-R2ymrwcYx > .tatsu-column-inner > .tatsu-right-divider{z-index: 9999;}@media only screen and (max-width:1377px) {.tatsu-row > .tatsu-R2ymrwcYx.tatsu-column{width: 100%;}}@media only screen and (min-width:768px) and (max-width: 1024px) {.tatsu-row > .tatsu-R2ymrwcYx.tatsu-column{width: 100%;}}@media only screen and (max-width: 767px) {.tatsu-row > .tatsu-R2ymrwcYx.tatsu-column{width: 100%;}}<\/style><\/div><\/div><\/div><\/div><div class=\"tatsu-section-background-wrap\"><div class = \"tatsu-section-background\" ><\/div><\/div><style>.tatsu-fph9vmxuegeu7rsa .tatsu-section-pad{padding: 50px 0px 90px 0px ;}.tatsu-fph9vmxuegeu7rsa > .tatsu-bottom-divider{z-index: 9999;}.tatsu-fph9vmxuegeu7rsa > .tatsu-top-divider{z-index: 9999;}<\/style><\/div>","protected":false},"excerpt":{"rendered":"<p><a href=\"https:\/\/anjahain.de\/en\/agb\/\" class=\"more-link style1-button\">Read More<\/a><\/p>","protected":false},"author":2,"featured_media":0,"parent":0,"menu_order":0,"comment_status":"closed","ping_status":"closed","template":"","meta":{"footnotes":""},"class_list":["post-860","page","type-page","status-publish","hentry"],"yoast_head":"<!-- This site is optimized with the Yoast SEO plugin v27.4 - https:\/\/yoast.com\/product\/yoast-seo-wordpress\/ -->\n<title>AGB - Anja Hain | Gr\u00fcnwald, Starnberg<\/title>\n<meta name=\"robots\" content=\"index, follow, max-snippet:-1, max-image-preview:large, max-video-preview:-1\" \/>\n<link rel=\"canonical\" href=\"https:\/\/anjahain.de\/en\/agb\/\" \/>\n<meta property=\"og:locale\" content=\"en_GB\" \/>\n<meta property=\"og:type\" content=\"article\" \/>\n<meta property=\"og:title\" content=\"AGB - Anja Hain | Gr\u00fcnwald, Starnberg\" \/>\n<meta property=\"og:url\" content=\"https:\/\/anjahain.de\/en\/agb\/\" \/>\n<meta property=\"og:site_name\" content=\"Anja Hain | Gr\u00fcnwald, Starnberg\" \/>\n<meta property=\"article:modified_time\" content=\"2022-10-26T11:29:56+00:00\" \/>\n<meta name=\"twitter:card\" content=\"summary_large_image\" \/>\n<meta name=\"twitter:label1\" content=\"Estimated reading time\" \/>\n\t<meta name=\"twitter:data1\" content=\"14 minutes\" \/>\n<script type=\"application\/ld+json\" class=\"yoast-schema-graph\">{\"@context\":\"https:\\\/\\\/schema.org\",\"@graph\":[{\"@type\":\"WebPage\",\"@id\":\"https:\\\/\\\/anjahain.de\\\/agb\\\/\",\"url\":\"https:\\\/\\\/anjahain.de\\\/agb\\\/\",\"name\":\"AGB - Anja Hain | Gr\u00fcnwald, Starnberg\",\"isPartOf\":{\"@id\":\"https:\\\/\\\/anjahain.de\\\/#website\"},\"datePublished\":\"2020-12-15T13:57:19+00:00\",\"dateModified\":\"2022-10-26T11:29:56+00:00\",\"breadcrumb\":{\"@id\":\"https:\\\/\\\/anjahain.de\\\/agb\\\/#breadcrumb\"},\"inLanguage\":\"en-GB\",\"potentialAction\":[{\"@type\":\"ReadAction\",\"target\":[\"https:\\\/\\\/anjahain.de\\\/agb\\\/\"]}]},{\"@type\":\"BreadcrumbList\",\"@id\":\"https:\\\/\\\/anjahain.de\\\/agb\\\/#breadcrumb\",\"itemListElement\":[{\"@type\":\"ListItem\",\"position\":1,\"name\":\"Startseite\",\"item\":\"https:\\\/\\\/anjahain.de\\\/\"},{\"@type\":\"ListItem\",\"position\":2,\"name\":\"AGB\"}]},{\"@type\":\"WebSite\",\"@id\":\"https:\\\/\\\/anjahain.de\\\/#website\",\"url\":\"https:\\\/\\\/anjahain.de\\\/\",\"name\":\"Anja Hain | Gr\u00fcnwald, Starnberg\",\"description\":\"Mode | Interieur | Accessoires\",\"publisher\":{\"@id\":\"https:\\\/\\\/anjahain.de\\\/#organization\"},\"alternateName\":\"Anja Hain, Liebenswertes, Petite Maison | Gr\u00fcnwald, Starnberg\",\"potentialAction\":[{\"@type\":\"SearchAction\",\"target\":{\"@type\":\"EntryPoint\",\"urlTemplate\":\"https:\\\/\\\/anjahain.de\\\/?s={search_term_string}\"},\"query-input\":{\"@type\":\"PropertyValueSpecification\",\"valueRequired\":true,\"valueName\":\"search_term_string\"}}],\"inLanguage\":\"en-GB\"},{\"@type\":\"Organization\",\"@id\":\"https:\\\/\\\/anjahain.de\\\/#organization\",\"name\":\"Anja Hain\",\"url\":\"https:\\\/\\\/anjahain.de\\\/\",\"logo\":{\"@type\":\"ImageObject\",\"inLanguage\":\"en-GB\",\"@id\":\"https:\\\/\\\/anjahain.de\\\/#\\\/schema\\\/logo\\\/image\\\/\",\"url\":\"https:\\\/\\\/anjahain.de\\\/wp-content\\\/uploads\\\/LOGO_4-1.png\",\"contentUrl\":\"https:\\\/\\\/anjahain.de\\\/wp-content\\\/uploads\\\/LOGO_4-1.png\",\"width\":3508,\"height\":2483,\"caption\":\"Anja Hain\"},\"image\":{\"@id\":\"https:\\\/\\\/anjahain.de\\\/#\\\/schema\\\/logo\\\/image\\\/\"}}]}<\/script>\n<!-- \/ Yoast SEO plugin. -->","yoast_head_json":{"title":"AGB - Anja Hain | Gr\u00fcnwald, Starnberg","robots":{"index":"index","follow":"follow","max-snippet":"max-snippet:-1","max-image-preview":"max-image-preview:large","max-video-preview":"max-video-preview:-1"},"canonical":"https:\/\/anjahain.de\/en\/agb\/","og_locale":"en_GB","og_type":"article","og_title":"AGB - Anja Hain | Gr\u00fcnwald, Starnberg","og_url":"https:\/\/anjahain.de\/en\/agb\/","og_site_name":"Anja Hain | Gr\u00fcnwald, Starnberg","article_modified_time":"2022-10-26T11:29:56+00:00","twitter_card":"summary_large_image","twitter_misc":{"Estimated reading time":"14 minutes"},"schema":{"@context":"https:\/\/schema.org","@graph":[{"@type":"WebPage","@id":"https:\/\/anjahain.de\/agb\/","url":"https:\/\/anjahain.de\/agb\/","name":"AGB - Anja Hain | Gr\u00fcnwald, Starnberg","isPartOf":{"@id":"https:\/\/anjahain.de\/#website"},"datePublished":"2020-12-15T13:57:19+00:00","dateModified":"2022-10-26T11:29:56+00:00","breadcrumb":{"@id":"https:\/\/anjahain.de\/agb\/#breadcrumb"},"inLanguage":"en-GB","potentialAction":[{"@type":"ReadAction","target":["https:\/\/anjahain.de\/agb\/"]}]},{"@type":"BreadcrumbList","@id":"https:\/\/anjahain.de\/agb\/#breadcrumb","itemListElement":[{"@type":"ListItem","position":1,"name":"Startseite","item":"https:\/\/anjahain.de\/"},{"@type":"ListItem","position":2,"name":"AGB"}]},{"@type":"WebSite","@id":"https:\/\/anjahain.de\/#website","url":"https:\/\/anjahain.de\/","name":"Anja Hain | Gr\u00fcnwald, Starnberg","description":"Mode | Interieur | Accessoires","publisher":{"@id":"https:\/\/anjahain.de\/#organization"},"alternateName":"Anja Hain, Liebenswertes, Petite Maison | Gr\u00fcnwald, Starnberg","potentialAction":[{"@type":"SearchAction","target":{"@type":"EntryPoint","urlTemplate":"https:\/\/anjahain.de\/?s={search_term_string}"},"query-input":{"@type":"PropertyValueSpecification","valueRequired":true,"valueName":"search_term_string"}}],"inLanguage":"en-GB"},{"@type":"Organization","@id":"https:\/\/anjahain.de\/#organization","name":"Anja Hain","url":"https:\/\/anjahain.de\/","logo":{"@type":"ImageObject","inLanguage":"en-GB","@id":"https:\/\/anjahain.de\/#\/schema\/logo\/image\/","url":"https:\/\/anjahain.de\/wp-content\/uploads\/LOGO_4-1.png","contentUrl":"https:\/\/anjahain.de\/wp-content\/uploads\/LOGO_4-1.png","width":3508,"height":2483,"caption":"Anja Hain"},"image":{"@id":"https:\/\/anjahain.de\/#\/schema\/logo\/image\/"}}]}},"_links":{"self":[{"href":"https:\/\/anjahain.de\/en\/wp-json\/wp\/v2\/pages\/860","targetHints":{"allow":["GET"]}}],"collection":[{"href":"https:\/\/anjahain.de\/en\/wp-json\/wp\/v2\/pages"}],"about":[{"href":"https:\/\/anjahain.de\/en\/wp-json\/wp\/v2\/types\/page"}],"author":[{"embeddable":true,"href":"https:\/\/anjahain.de\/en\/wp-json\/wp\/v2\/users\/2"}],"replies":[{"embeddable":true,"href":"https:\/\/anjahain.de\/en\/wp-json\/wp\/v2\/comments?post=860"}],"version-history":[{"count":2,"href":"https:\/\/anjahain.de\/en\/wp-json\/wp\/v2\/pages\/860\/revisions"}],"predecessor-version":[{"id":1108,"href":"https:\/\/anjahain.de\/en\/wp-json\/wp\/v2\/pages\/860\/revisions\/1108"}],"wp:attachment":[{"href":"https:\/\/anjahain.de\/en\/wp-json\/wp\/v2\/media?parent=860"}],"curies":[{"name":"wp","href":"https:\/\/api.w.org\/{rel}","templated":true}]}}