{"id":657,"date":"2019-12-28T22:19:23","date_gmt":"2019-12-28T21:19:23","guid":{"rendered":"https:\/\/anjahain.de\/?page_id=657"},"modified":"2025-05-10T15:47:17","modified_gmt":"2025-05-10T13:47:17","slug":"contact","status":"publish","type":"page","link":"https:\/\/anjahain.de\/en\/contact\/","title":{"rendered":"Contact"},"content":{"rendered":"<div  class=\"tatsu-i1any8ldezctyrts tatsu-section  tatsu-bg-overlay   tatsu-clearfix\" data-title=\"\"  data-headerscheme=\"background--dark\"><div class='tatsu-section-pad clearfix' data-padding='{\"d\":\"90px 0px 15px 0px\"}' data-padding-top='90px'><div class=\"tatsu-row-wrap  tatsu-wrap tatsu-row-one-col tatsu-row-has-one-cols tatsu-medium-gutter tatsu-reg-cols  tatsu-clearfix tatsu-i1any8ldi43jyum2\" ><div  class=\"tatsu-row\" ><div  class=\"tatsu-column  tatsu-bg-overlay tatsu-one-col tatsu-column-image-none tatsu-column-effect-none  tatsu-i1any8ldkz43olys\"  data-parallax-speed=\"0\" style=\"\"><div class=\"tatsu-column-inner\" ><div class=\"tatsu-column-pad-wrap\"><div class=\"tatsu-column-pad\" ><div  class=\"tatsu-module tatsu-text-block-wrap tatsu-i1any8ldngd17lej\"><div class=\"tatsu-text-inner tatsu-align-center  clearfix\" ><style>.tatsu-i1any8ldngd17lej.tatsu-text-block-wrap .tatsu-text-inner{width: 100%;text-align: left;}<\/style>\n<h1><strong>Unsere Standorte und \u00d6ffnungszeiten.<\/strong><\/h1>\n<\/div><\/div><\/div><\/div><div class = \"tatsu-column-bg-image-wrap\"><div class = \"tatsu-column-bg-image\" ><\/div><\/div><div class=\"tatsu-overlay tatsu-column-overlay tatsu-animate-none\" ><\/div><\/div><style>.tatsu-row > .tatsu-i1any8ldkz43olys.tatsu-column{width: 100%;}.tatsu-i1any8ldkz43olys.tatsu-column > .tatsu-column-inner > .tatsu-column-overlay{mix-blend-mode: normal;}.tatsu-i1any8ldkz43olys > .tatsu-column-inner > .tatsu-top-divider{z-index: 9999;}.tatsu-i1any8ldkz43olys > .tatsu-column-inner > .tatsu-bottom-divider{z-index: 9999;}.tatsu-i1any8ldkz43olys > .tatsu-column-inner > .tatsu-left-divider{z-index: 9999;}.tatsu-i1any8ldkz43olys > .tatsu-column-inner > .tatsu-right-divider{z-index: 9999;}<\/style><\/div><\/div><\/div><\/div><div class=\"tatsu-section-background-wrap\"><div class = \"tatsu-section-background\" ><\/div><\/div><div class=\"tatsu-overlay tatsu-section-overlay\"><\/div><style>.tatsu-i1any8ldezctyrts .tatsu-section-pad{padding: 90px 0px 15px 0px;}.tatsu-i1any8ldezctyrts > .tatsu-bottom-divider{z-index: 9999;}.tatsu-i1any8ldezctyrts > .tatsu-top-divider{z-index: 9999;}.tatsu-i1any8ldezctyrts .tatsu-section-overlay{mix-blend-mode: normal;}<\/style><\/div><div  class=\"tatsu-fpivw0gnxwa6h8eu tatsu-section    tatsu-clearfix\" data-title=\"\"  data-headerscheme=\"background--dark\"><div class='tatsu-section-pad clearfix' data-padding='{\"d\":\"30px 0px 50px 0px \"}' data-padding-top='30px'><div class=\"tatsu-row-wrap  tatsu-wrap tatsu-row-has-one-half tatsu-row-has-three-cols tatsu-medium-gutter tatsu-reg-cols  tatsu-clearfix tatsu-fpivw0gnyj1i4ntv\" ><div  class=\"tatsu-row\" ><div  class=\"tatsu-column  tatsu-column-no-bg tatsu-one-fourth tatsu-column-image-none tatsu-column-effect-none  tatsu-fpivw0gnysb971rn\"  data-parallax-speed=\"0\" style=\"\"><div class=\"tatsu-column-inner\" ><div class=\"tatsu-column-pad-wrap\"><div class=\"tatsu-column-pad\" ><div  class=\"tatsu-module tatsu-text-block-wrap tatsu-SkGiBrrJU\"><div class=\"tatsu-text-inner tatsu-align-center  clearfix\" ><style>.tatsu-SkGiBrrJU.tatsu-text-block-wrap .tatsu-text-inner{width: 100%;text-align: left;}.tatsu-SkGiBrrJU.tatsu-text-block-wrap .tatsu-text-inner *{font-family : Verdana, Geneva, sans-serif;text-transform : none;}<\/style>\n<h2><span style=\"font-size: 18pt;\"><strong>Anja Hain<\/strong><\/span><\/h2>\n<p>Marktplatz 11<br \/>82031 Gr\u00fcnwald<br \/>Telefon +49(0)89 641 20 97<\/p>\n<p><strong>Opening hours<\/strong><br \/>Monday - Friday 10am - 6pm<br \/>Saturday 10am - 1:30pm<\/p>\n<p>\u00a0<\/p>\n<\/div><\/div><\/div><\/div><div class = \"tatsu-column-bg-image-wrap\"><div class = \"tatsu-column-bg-image\" ><\/div><\/div><\/div><style>.tatsu-row > .tatsu-fpivw0gnysb971rn.tatsu-column{width: 37.6%;}.tatsu-fpivw0gnysb971rn.tatsu-column > .tatsu-column-inner{border-width: 20px 0px 0px 0px ;border-color: rgba(255,255,255,1); }.tatsu-fpivw0gnysb971rn.tatsu-column > .tatsu-column-inner > .tatsu-column-overlay{mix-blend-mode: none;}.tatsu-fpivw0gnysb971rn > .tatsu-column-inner > .tatsu-top-divider{z-index: 9999;}.tatsu-fpivw0gnysb971rn > .tatsu-column-inner > .tatsu-bottom-divider{z-index: 9999;}.tatsu-fpivw0gnysb971rn > .tatsu-column-inner > .tatsu-left-divider{z-index: 9999;}.tatsu-fpivw0gnysb971rn > .tatsu-column-inner > .tatsu-right-divider{z-index: 9999;}@media only screen and (max-width: 767px) {.tatsu-row > .tatsu-fpivw0gnysb971rn.tatsu-column{width: 100%;}}<\/style><\/div><div  class=\"tatsu-column  tatsu-column-no-bg tatsu-one-half tatsu-column-image-none tatsu-column-effect-none  tatsu-fpivw0goix3275de\"  data-parallax-speed=\"0\" style=\"\"><div class=\"tatsu-column-inner\" ><div class=\"tatsu-column-pad-wrap\"><div class=\"tatsu-column-pad\" ><div  class=\"tatsu-module tatsu-text-block-wrap tatsu-r1lW1FqJL\"><div class=\"tatsu-text-inner tatsu-align-center  clearfix\" ><style>.tatsu-r1lW1FqJL.tatsu-text-block-wrap .tatsu-text-inner{width: 100%;text-align: left;}.tatsu-r1lW1FqJL.tatsu-text-block-wrap .tatsu-text-inner *{font-family : Verdana, Geneva, sans-serif;text-transform : none;}<\/style>\n<h2><span style=\"font-size: 18pt;\"><strong>Liebenswertes<\/strong><\/span><\/h2>\n<p>Wilhelm-Keim-Stra\u00dfe 1<br \/>82031 Gr\u00fcnwald<br \/>Telefon +49(0)89 642 604 55<\/p>\n<p><strong>Opening hours<\/strong><br \/>Monday - Friday 10am - 6pm<br \/>Saturday 10am - 1:30pm<\/p>\n<p>\u00a0<\/p>\n<\/div><\/div><\/div><\/div><div class = \"tatsu-column-bg-image-wrap\"><div class = \"tatsu-column-bg-image\" ><\/div><\/div><\/div><style>.tatsu-row > .tatsu-fpivw0goix3275de.tatsu-column{width: 34%;}.tatsu-fpivw0goix3275de.tatsu-column > .tatsu-column-inner{border-width: 20px 0px 0px 0px ;border-color: rgba(255,255,255,1); }.tatsu-fpivw0goix3275de.tatsu-column > .tatsu-column-inner > .tatsu-column-overlay{mix-blend-mode: none;}.tatsu-fpivw0goix3275de > .tatsu-column-inner > .tatsu-top-divider{z-index: 9999;}.tatsu-fpivw0goix3275de > .tatsu-column-inner > .tatsu-bottom-divider{z-index: 9999;}.tatsu-fpivw0goix3275de > .tatsu-column-inner > .tatsu-left-divider{z-index: 9999;}.tatsu-fpivw0goix3275de > .tatsu-column-inner > .tatsu-right-divider{z-index: 9999;}@media only screen and (max-width: 767px) {.tatsu-row > .tatsu-fpivw0goix3275de.tatsu-column{width: 100%;}}<\/style><\/div><div  class=\"tatsu-column  tatsu-column-no-bg tatsu-one-fourth tatsu-column-image-none tatsu-column-effect-none  tatsu-fpivw0gokt1ib1o5\"  data-parallax-speed=\"0\" style=\"\"><div class=\"tatsu-column-inner\" ><div class=\"tatsu-column-pad-wrap\"><div class=\"tatsu-column-pad\" ><div  class=\"tatsu-module tatsu-text-block-wrap tatsu-fpivw0gol88pbb14\"><div class=\"tatsu-text-inner tatsu-align-center  clearfix\" ><style>.tatsu-fpivw0gol88pbb14.tatsu-text-block-wrap .tatsu-text-inner{width: 100%;text-align: left;}.tatsu-fpivw0gol88pbb14.tatsu-text-block-wrap .tatsu-text-inner *{font-family : Verdana, Geneva, sans-serif;text-transform : none;}<\/style>\n<h3><span style=\"font-size: 18pt;\"><strong>Petite Maison<\/strong><\/span><\/h3>\n<p>Wittelsbacherstr. 2c<br \/>82319 Starnberg<br \/>Telefon +49(0)8151 550 00 79<\/p>\n<p><strong>Opening hours<\/strong><br \/>Monday - Friday 10am - 6pm<br \/>Saturday 10am - 1:30pm<\/p>\n<p>\u00a0<\/p>\n<\/div><\/div><\/div><\/div><div class = \"tatsu-column-bg-image-wrap\"><div class = \"tatsu-column-bg-image\" ><\/div><\/div><\/div><style>.tatsu-row > .tatsu-fpivw0gokt1ib1o5.tatsu-column{width: 28.39%;}.tatsu-fpivw0gokt1ib1o5.tatsu-column > .tatsu-column-inner{border-width: 20px 0px 0px 0px ;border-color: rgba(255,255,255,1); }.tatsu-fpivw0gokt1ib1o5.tatsu-column > .tatsu-column-inner > .tatsu-column-overlay{mix-blend-mode: none;}.tatsu-fpivw0gokt1ib1o5 > .tatsu-column-inner > .tatsu-top-divider{z-index: 9999;}.tatsu-fpivw0gokt1ib1o5 > .tatsu-column-inner > .tatsu-bottom-divider{z-index: 9999;}.tatsu-fpivw0gokt1ib1o5 > .tatsu-column-inner > .tatsu-left-divider{z-index: 9999;}.tatsu-fpivw0gokt1ib1o5 > .tatsu-column-inner > .tatsu-right-divider{z-index: 9999;}@media only screen and (max-width: 767px) {.tatsu-row > .tatsu-fpivw0gokt1ib1o5.tatsu-column{width: 100%;}}<\/style><\/div><\/div><\/div><div class=\"tatsu-row-wrap  tatsu-wrap tatsu-row-one-col tatsu-row-has-one-cols tatsu-medium-gutter tatsu-reg-cols  tatsu-clearfix tatsu-fpivw0gompaysdkw\" ><div  class=\"tatsu-row\" ><div  class=\"tatsu-column  tatsu-column-no-bg tatsu-one-col tatsu-column-image-none tatsu-column-effect-none  tatsu-fpivw0gomz2n5dk1\"  data-parallax-speed=\"0\" style=\"\"><div class=\"tatsu-column-inner\" ><div class=\"tatsu-column-pad-wrap\"><div class=\"tatsu-column-pad\" ><div  class=\"tatsu-module tatsu-text-block-wrap tatsu-fpivw0gond76it5c\"><div class=\"tatsu-text-inner tatsu-align-center  clearfix\" ><style>.tatsu-fpivw0gond76it5c.tatsu-text-block-wrap .tatsu-text-inner{width: 100%;text-align: left;}.tatsu-fpivw0gond76it5c.tatsu-text-block-wrap .tatsu-text-inner *{font-family : Verdana, Geneva, sans-serif;text-transform : none;}<\/style>\n<div class=\"tatsu-module tatsu-text-inner clearfix\" data-animation=\"fadeIn\" data-animation-delay=\"0\">\n<h1>Contact form<\/h1>\n<p><strong>Do you have questions about our stores, our offer or any other topic? <\/strong>Contact us \u2013 we are glad to be here for you and respond immediately. Required fields are marked with *.<\/p>\n<\/div>\n<p>\n<div class=\"wpcf7 no-js\" id=\"wpcf7-f5-o1\" lang=\"de-DE\" dir=\"ltr\" data-wpcf7-id=\"5\">\n<div class=\"screen-reader-response\"><p role=\"status\" aria-live=\"polite\" aria-atomic=\"true\"><\/p> <ul><\/ul><\/div>\n<form action=\"\/en\/wp-json\/wp\/v2\/pages\/657#wpcf7-f5-o1\" method=\"post\" class=\"wpcf7-form init wpcf7-acceptance-as-validation\" aria-label=\"Contact form\" novalidate=\"novalidate\" data-status=\"init\" data-trp-original-action=\"\/en\/wp-json\/wp\/v2\/pages\/657#wpcf7-f5-o1\">\n<fieldset class=\"hidden-fields-container\"><input type=\"hidden\" name=\"_wpcf7\" value=\"5\" \/><input type=\"hidden\" name=\"_wpcf7_version\" value=\"6.1.5\" \/><input type=\"hidden\" name=\"_wpcf7_locale\" value=\"de_DE\" \/><input type=\"hidden\" name=\"_wpcf7_unit_tag\" value=\"wpcf7-f5-o1\" \/><input type=\"hidden\" name=\"_wpcf7_container_post\" value=\"0\" \/><input type=\"hidden\" name=\"_wpcf7_posted_data_hash\" value=\"\" \/>\n<\/fieldset>\n<p><label> Your name<br \/>\n<span class=\"wpcf7-form-control-wrap\" data-name=\"your-name\"><input size=\"40\" maxlength=\"400\" class=\"wpcf7-form-control wpcf7-text\" aria-invalid=\"false\" value=\"\" type=\"text\" name=\"your-name\" \/><\/span> <\/label>\n<\/p>\n<p><label> Your Email*<br \/>\n<span class=\"wpcf7-form-control-wrap\" data-name=\"your-email\"><input size=\"40\" maxlength=\"400\" class=\"wpcf7-form-control wpcf7-email wpcf7-validates-as-required wpcf7-text wpcf7-validates-as-email\" aria-required=\"true\" aria-invalid=\"false\" value=\"\" type=\"email\" name=\"your-email\" \/><\/span> <\/label>\n<\/p>\n<p><label> Subject<br \/>\n<span class=\"wpcf7-form-control-wrap\" data-name=\"your-subject\"><input size=\"40\" maxlength=\"400\" class=\"wpcf7-form-control wpcf7-text\" aria-invalid=\"false\" value=\"\" type=\"text\" name=\"your-subject\" \/><\/span> <\/label>\n<\/p>\n<p><label> Ihre Nachricht*<br \/>\n<span class=\"wpcf7-form-control-wrap\" data-name=\"your-message\"><textarea cols=\"40\" rows=\"10\" maxlength=\"2000\" class=\"wpcf7-form-control wpcf7-textarea wpcf7-validates-as-required\" aria-required=\"true\" aria-invalid=\"false\" name=\"your-message\"><\/textarea><\/span> <\/label>\n<\/p>\n<p><span class=\"wpcf7-form-control-wrap\" data-name=\"zustimmung\"><span class=\"wpcf7-form-control wpcf7-acceptance\"><span class=\"wpcf7-list-item\"><label><input type=\"checkbox\" name=\"zustimmung\" value=\"1\" aria-invalid=\"false\" \/><span class=\"wpcf7-list-item-label\">I have read and accepted the <a href=\"\/en\/datenschutz\/\">privacy policy<\/a> I agree that my form data are stored for the establishment of contact and\/or for the treatment of my request.<\/span><\/label><\/span><\/span><\/span>\n<\/p>\n<p><input class=\"wpcf7-form-control wpcf7-submit has-spinner\" id=\"sendbutton\" type=\"submit\" value=\"Send message\" \/>\n<\/p><div class=\"wpcf7-response-output\" aria-hidden=\"true\"><\/div>\n<input type=\"hidden\" name=\"trp-form-language\" value=\"en\"\/><\/form>\n<\/div>\n<br \/>\n<\/div><\/div><\/div><\/div><div class = \"tatsu-column-bg-image-wrap\"><div class = \"tatsu-column-bg-image\" ><\/div><\/div><\/div><style>.tatsu-row > .tatsu-fpivw0gomz2n5dk1.tatsu-column{width: 100%;}.tatsu-fpivw0gomz2n5dk1.tatsu-column > .tatsu-column-inner{border-width: 20px 0px 0px 0px ;border-color: rgba(255,255,255,1); }.tatsu-fpivw0gomz2n5dk1.tatsu-column > .tatsu-column-inner > .tatsu-column-overlay{mix-blend-mode: none;}.tatsu-fpivw0gomz2n5dk1 > .tatsu-column-inner > .tatsu-top-divider{z-index: 9999;}.tatsu-fpivw0gomz2n5dk1 > .tatsu-column-inner > .tatsu-bottom-divider{z-index: 9999;}.tatsu-fpivw0gomz2n5dk1 > .tatsu-column-inner > .tatsu-left-divider{z-index: 9999;}.tatsu-fpivw0gomz2n5dk1 > .tatsu-column-inner > .tatsu-right-divider{z-index: 9999;}<\/style><\/div><\/div><\/div><\/div><div class=\"tatsu-section-background-wrap\"><div class = \"tatsu-section-background\" ><\/div><\/div><style>.tatsu-fpivw0gnxwa6h8eu .tatsu-section-pad{padding: 30px 0px 50px 0px ;}.tatsu-fpivw0gnxwa6h8eu > .tatsu-bottom-divider{z-index: 9999;}.tatsu-fpivw0gnxwa6h8eu > .tatsu-top-divider{z-index: 9999;}<\/style><\/div>","protected":false},"excerpt":{"rendered":"<p><a href=\"https:\/\/anjahain.de\/en\/contact\/\" class=\"more-link style1-button\">Read More<\/a><\/p>","protected":false},"author":2,"featured_media":0,"parent":0,"menu_order":0,"comment_status":"closed","ping_status":"closed","template":"","meta":{"footnotes":""},"class_list":["post-657","page","type-page","status-publish","hentry"],"yoast_head":"<!-- This site is optimized with the Yoast SEO plugin v27.4 - https:\/\/yoast.com\/product\/yoast-seo-wordpress\/ -->\n<title>Kontakt | Anja Hain, Liebenswertes &amp; Petite Maison<\/title>\n<meta name=\"description\" content=\"Sie haben Fragen zu einem unserer Gesch\u00e4fte, \u00d6ffnungszeiten, unserem Angebot oder einem anderen Thema? Kontaktieren Sie uns! Wir sind gerne f\u00fcr Sie da.\" \/>\n<meta name=\"robots\" content=\"index, follow, max-snippet:-1, max-image-preview:large, max-video-preview:-1\" \/>\n<link rel=\"canonical\" href=\"https:\/\/anjahain.de\/en\/contact\/\" \/>\n<meta property=\"og:locale\" content=\"en_GB\" \/>\n<meta property=\"og:type\" content=\"article\" \/>\n<meta property=\"og:title\" content=\"Kontakt | Anja Hain, Liebenswertes &amp; Petite Maison\" \/>\n<meta property=\"og:description\" content=\"Sie haben Fragen zu einem unserer Gesch\u00e4fte, \u00d6ffnungszeiten, unserem Angebot oder einem anderen Thema? Kontaktieren Sie uns! Wir sind gerne f\u00fcr Sie da.\" \/>\n<meta property=\"og:url\" content=\"https:\/\/anjahain.de\/en\/contact\/\" \/>\n<meta property=\"og:site_name\" content=\"Anja Hain | Gr\u00fcnwald, Starnberg\" \/>\n<meta property=\"article:modified_time\" content=\"2025-05-10T13:47:17+00:00\" \/>\n<meta name=\"twitter:card\" content=\"summary_large_image\" \/>\n<meta name=\"twitter:label1\" content=\"Estimated reading time\" \/>\n\t<meta name=\"twitter:data1\" content=\"6 minutes\" \/>\n<script type=\"application\/ld+json\" class=\"yoast-schema-graph\">{\"@context\":\"https:\\\/\\\/schema.org\",\"@graph\":[{\"@type\":\"WebPage\",\"@id\":\"https:\\\/\\\/anjahain.de\\\/contact\\\/\",\"url\":\"https:\\\/\\\/anjahain.de\\\/contact\\\/\",\"name\":\"Kontakt | Anja Hain, Liebenswertes & Petite Maison\",\"isPartOf\":{\"@id\":\"https:\\\/\\\/anjahain.de\\\/#website\"},\"datePublished\":\"2019-12-28T21:19:23+00:00\",\"dateModified\":\"2025-05-10T13:47:17+00:00\",\"description\":\"Sie haben Fragen zu einem unserer Gesch\u00e4fte, \u00d6ffnungszeiten, unserem Angebot oder einem anderen Thema? Kontaktieren Sie uns! Wir sind gerne f\u00fcr Sie da.\",\"breadcrumb\":{\"@id\":\"https:\\\/\\\/anjahain.de\\\/contact\\\/#breadcrumb\"},\"inLanguage\":\"en-GB\",\"potentialAction\":[{\"@type\":\"ReadAction\",\"target\":[\"https:\\\/\\\/anjahain.de\\\/contact\\\/\"]}]},{\"@type\":\"BreadcrumbList\",\"@id\":\"https:\\\/\\\/anjahain.de\\\/contact\\\/#breadcrumb\",\"itemListElement\":[{\"@type\":\"ListItem\",\"position\":1,\"name\":\"Startseite\",\"item\":\"https:\\\/\\\/anjahain.de\\\/\"},{\"@type\":\"ListItem\",\"position\":2,\"name\":\"Kontakt\"}]},{\"@type\":\"WebSite\",\"@id\":\"https:\\\/\\\/anjahain.de\\\/#website\",\"url\":\"https:\\\/\\\/anjahain.de\\\/\",\"name\":\"Anja Hain | Gr\u00fcnwald, Starnberg\",\"description\":\"Mode | Interieur | Accessoires\",\"publisher\":{\"@id\":\"https:\\\/\\\/anjahain.de\\\/#organization\"},\"alternateName\":\"Anja Hain, Liebenswertes, Petite Maison | Gr\u00fcnwald, Starnberg\",\"potentialAction\":[{\"@type\":\"SearchAction\",\"target\":{\"@type\":\"EntryPoint\",\"urlTemplate\":\"https:\\\/\\\/anjahain.de\\\/?s={search_term_string}\"},\"query-input\":{\"@type\":\"PropertyValueSpecification\",\"valueRequired\":true,\"valueName\":\"search_term_string\"}}],\"inLanguage\":\"en-GB\"},{\"@type\":\"Organization\",\"@id\":\"https:\\\/\\\/anjahain.de\\\/#organization\",\"name\":\"Anja Hain\",\"url\":\"https:\\\/\\\/anjahain.de\\\/\",\"logo\":{\"@type\":\"ImageObject\",\"inLanguage\":\"en-GB\",\"@id\":\"https:\\\/\\\/anjahain.de\\\/#\\\/schema\\\/logo\\\/image\\\/\",\"url\":\"https:\\\/\\\/anjahain.de\\\/wp-content\\\/uploads\\\/LOGO_4-1.png\",\"contentUrl\":\"https:\\\/\\\/anjahain.de\\\/wp-content\\\/uploads\\\/LOGO_4-1.png\",\"width\":3508,\"height\":2483,\"caption\":\"Anja Hain\"},\"image\":{\"@id\":\"https:\\\/\\\/anjahain.de\\\/#\\\/schema\\\/logo\\\/image\\\/\"}}]}<\/script>\n<!-- \/ Yoast SEO plugin. -->","yoast_head_json":{"title":"Kontakt | Anja Hain, Liebenswertes & Petite Maison","description":"Sie haben Fragen zu einem unserer Gesch\u00e4fte, \u00d6ffnungszeiten, unserem Angebot oder einem anderen Thema? Kontaktieren Sie uns! Wir sind gerne f\u00fcr Sie da.","robots":{"index":"index","follow":"follow","max-snippet":"max-snippet:-1","max-image-preview":"max-image-preview:large","max-video-preview":"max-video-preview:-1"},"canonical":"https:\/\/anjahain.de\/en\/contact\/","og_locale":"en_GB","og_type":"article","og_title":"Kontakt | Anja Hain, Liebenswertes & Petite Maison","og_description":"Sie haben Fragen zu einem unserer Gesch\u00e4fte, \u00d6ffnungszeiten, unserem Angebot oder einem anderen Thema? Kontaktieren Sie uns! Wir sind gerne f\u00fcr Sie da.","og_url":"https:\/\/anjahain.de\/en\/contact\/","og_site_name":"Anja Hain | Gr\u00fcnwald, Starnberg","article_modified_time":"2025-05-10T13:47:17+00:00","twitter_card":"summary_large_image","twitter_misc":{"Estimated reading time":"6 minutes"},"schema":{"@context":"https:\/\/schema.org","@graph":[{"@type":"WebPage","@id":"https:\/\/anjahain.de\/contact\/","url":"https:\/\/anjahain.de\/contact\/","name":"Kontakt | Anja Hain, Liebenswertes & Petite Maison","isPartOf":{"@id":"https:\/\/anjahain.de\/#website"},"datePublished":"2019-12-28T21:19:23+00:00","dateModified":"2025-05-10T13:47:17+00:00","description":"Sie haben Fragen zu einem unserer Gesch\u00e4fte, \u00d6ffnungszeiten, unserem Angebot oder einem anderen Thema? Kontaktieren Sie uns! Wir sind gerne f\u00fcr Sie da.","breadcrumb":{"@id":"https:\/\/anjahain.de\/contact\/#breadcrumb"},"inLanguage":"en-GB","potentialAction":[{"@type":"ReadAction","target":["https:\/\/anjahain.de\/contact\/"]}]},{"@type":"BreadcrumbList","@id":"https:\/\/anjahain.de\/contact\/#breadcrumb","itemListElement":[{"@type":"ListItem","position":1,"name":"Startseite","item":"https:\/\/anjahain.de\/"},{"@type":"ListItem","position":2,"name":"Kontakt"}]},{"@type":"WebSite","@id":"https:\/\/anjahain.de\/#website","url":"https:\/\/anjahain.de\/","name":"Anja Hain | Gr\u00fcnwald, Starnberg","description":"Mode | Interieur | Accessoires","publisher":{"@id":"https:\/\/anjahain.de\/#organization"},"alternateName":"Anja Hain, Liebenswertes, Petite Maison | Gr\u00fcnwald, Starnberg","potentialAction":[{"@type":"SearchAction","target":{"@type":"EntryPoint","urlTemplate":"https:\/\/anjahain.de\/?s={search_term_string}"},"query-input":{"@type":"PropertyValueSpecification","valueRequired":true,"valueName":"search_term_string"}}],"inLanguage":"en-GB"},{"@type":"Organization","@id":"https:\/\/anjahain.de\/#organization","name":"Anja Hain","url":"https:\/\/anjahain.de\/","logo":{"@type":"ImageObject","inLanguage":"en-GB","@id":"https:\/\/anjahain.de\/#\/schema\/logo\/image\/","url":"https:\/\/anjahain.de\/wp-content\/uploads\/LOGO_4-1.png","contentUrl":"https:\/\/anjahain.de\/wp-content\/uploads\/LOGO_4-1.png","width":3508,"height":2483,"caption":"Anja Hain"},"image":{"@id":"https:\/\/anjahain.de\/#\/schema\/logo\/image\/"}}]}},"_links":{"self":[{"href":"https:\/\/anjahain.de\/en\/wp-json\/wp\/v2\/pages\/657","targetHints":{"allow":["GET"]}}],"collection":[{"href":"https:\/\/anjahain.de\/en\/wp-json\/wp\/v2\/pages"}],"about":[{"href":"https:\/\/anjahain.de\/en\/wp-json\/wp\/v2\/types\/page"}],"author":[{"embeddable":true,"href":"https:\/\/anjahain.de\/en\/wp-json\/wp\/v2\/users\/2"}],"replies":[{"embeddable":true,"href":"https:\/\/anjahain.de\/en\/wp-json\/wp\/v2\/comments?post=657"}],"version-history":[{"count":23,"href":"https:\/\/anjahain.de\/en\/wp-json\/wp\/v2\/pages\/657\/revisions"}],"predecessor-version":[{"id":1183,"href":"https:\/\/anjahain.de\/en\/wp-json\/wp\/v2\/pages\/657\/revisions\/1183"}],"wp:attachment":[{"href":"https:\/\/anjahain.de\/en\/wp-json\/wp\/v2\/media?parent=657"}],"curies":[{"name":"wp","href":"https:\/\/api.w.org\/{rel}","templated":true}]}}